{"id":987495477,"date":"2025-11-30T16:10:09","date_gmt":"2025-11-30T16:10:09","guid":{"rendered":"https:\/\/consulado.abogado\/autorisation-de-residence-et-visa-pour-les-membres-de-la-famille-de-citoyens-espagnols\/"},"modified":"2025-11-30T17:27:38","modified_gmt":"2025-11-30T17:27:38","slug":"autorisation-de-residence-et-visa-pour-les-membres-de-la-famille-de-citoyens-espagnols","status":"publish","type":"page","link":"https:\/\/consulado.abogado\/fr\/autorisation-de-residence-et-visa-pour-les-membres-de-la-famille-de-citoyens-espagnols\/","title":{"rendered":"Autorisation de R\u00e9sidence et Visa pour les Membres de la Famille de Citoyens Espagnols"},"content":{"rendered":"<p>[et_pb_section fb_built=\u00a0\u00bb1&Prime; _builder_version=\u00a0\u00bb4.24.2&Prime; _dynamic_attributes=\u00a0\u00bbbackground_image\u00a0\u00bb _module_preset=\u00a0\u00bbdefault\u00a0\u00bb background_color=\u00a0\u00bb#16589d\u00a0\u00bb background_image=\u00a0\u00bb@ET-DC@eyJkeW5hbWljIjp0cnVlLCJjb250ZW50IjoicG9zdF9mZWF0dXJlZF9pbWFnZSIsInNldHRpbmdzIjp7fX0=@\u00a0\u00bb background_blend=\u00a0\u00bbmultiply\u00a0\u00bb global_colors_info=\u00a0\u00bb{}\u00a0\u00bb locked=\u00a0\u00bboff\u00a0\u00bb theme_builder_area=\u00a0\u00bbpost_content\u00a0\u00bb][et_pb_row _builder_version=\u00a0\u00bb4.24.2&Prime; _module_preset=\u00a0\u00bbdefault\u00a0\u00bb global_colors_info=\u00a0\u00bb{}\u00a0\u00bb theme_builder_area=\u00a0\u00bbpost_content\u00a0\u00bb][et_pb_column type=\u00a0\u00bb4_4&Prime; _builder_version=\u00a0\u00bb4.24.2&Prime; _module_preset=\u00a0\u00bbdefault\u00a0\u00bb global_colors_info=\u00a0\u00bb{}\u00a0\u00bb theme_builder_area=\u00a0\u00bbpost_content\u00a0\u00bb][et_pb_text _builder_version=\u00a0\u00bb4.24.2&Prime; _module_preset=\u00a0\u00bbdefault\u00a0\u00bb text_text_color=\u00a0\u00bb#FFFFFF\u00a0\u00bb header_text_color=\u00a0\u00bb#FFFFFF\u00a0\u00bb header_line_height=\u00a0\u00bb1.9em\u00a0\u00bb global_colors_info=\u00a0\u00bb{}\u00a0\u00bb theme_builder_area=\u00a0\u00bbpost_content\u00a0\u00bb]<\/p>\n<h1 data-start=\"121\" data-end=\"218\"><strong data-start=\"128\" data-end=\"218\">Guide Complet 2025 \u2013 Regroupement familial pour citoyen espagnol \u2013 R\u00e8glement 1155\/2024<\/strong><\/h1>\n<p><\/p>\n<div class=\"host-lopnbnfpjmgpbppclhclehhgafnifija\" style=\"position: relative; z-index: 2147483647;\">\u00a0<\/div>\n<p>[\/et_pb_text][\/et_pb_column][\/et_pb_row][\/et_pb_section][et_pb_section fb_built=\u00a0\u00bb1&Prime; theme_builder_area=\u00a0\u00bbpost_content\u00a0\u00bb _builder_version=\u00a0\u00bb4.24.2&Prime; _module_preset=\u00a0\u00bbdefault\u00a0\u00bb min_height=\u00a0\u00bb5316.2px\u00a0\u00bb custom_margin=\u00a0\u00bb||-295px|||\u00a0\u00bb][et_pb_row _builder_version=\u00a0\u00bb4.24.2&Prime; _module_preset=\u00a0\u00bbdefault\u00a0\u00bb theme_builder_area=\u00a0\u00bbpost_content\u00a0\u00bb][et_pb_column _builder_version=\u00a0\u00bb4.24.2&Prime; _module_preset=\u00a0\u00bbdefault\u00a0\u00bb type=\u00a0\u00bb4_4&Prime; theme_builder_area=\u00a0\u00bbpost_content\u00a0\u00bb][et_pb_text _builder_version=\u00a0\u00bb4.24.2&Prime; _module_preset=\u00a0\u00bbdefault\u00a0\u00bb theme_builder_area=\u00a0\u00bbpost_content\u00a0\u00bb hover_enabled=\u00a0\u00bb0&Prime; sticky_enabled=\u00a0\u00bb0&Prime;]<\/p>\n<h1 data-start=\"270\" data-end=\"364\"><strong data-start=\"277\" data-end=\"362\">Guide Complet 2025 \u2013 Regroupement familial citoyen espagnol \u2013 R\u00e8glement 1155\/2024<\/strong><\/h1>\n<p><\/p>\n<p data-start=\"365\" data-end=\"430\"><strong data-start=\"365\" data-end=\"430\">Consulado.Abogado \u2013 Sp\u00e9cialistes en Immigration Espagne\u2013Maroc<\/strong><\/p>\n<p><\/p>\n<hr data-start=\"432\" data-end=\"435\" \/><\/p>\n<h2 data-start=\"437\" data-end=\"456\"><strong data-start=\"440\" data-end=\"456\">Introduction<\/strong><\/h2>\n<p><\/p>\n<p data-start=\"458\" data-end=\"911\">L\u2019Autorisation de R\u00e9sidence Temporaire pour les Membres de la Famille de Citoyens Espagnols est l\u2019une des voies les plus importantes permettant aux ressortissants \u00e9trangers non communautaires de vivre et de r\u00e9sider l\u00e9galement en Espagne avec leur famille espagnole.<br data-start=\"723\" data-end=\"726\" \/>Cette proc\u00e9dure est r\u00e9gie par les articles 93 \u00e0 98 du R\u00e8glement 1155\/2024 et, pour la phase de visa, par l\u2019Article 41, qui fixe les d\u00e9lais, les exigences et la documentation n\u00e9cessaire.<\/p>\n<p><\/p>\n<p data-start=\"913\" data-end=\"1250\">Chez <strong data-start=\"918\" data-end=\"939\">Consulado.Abogado<\/strong>, nous sommes sp\u00e9cialis\u00e9s dans cette proc\u00e9dure, tant en Espagne (Bureaux d\u2019Immigration) que dans les Consulats d\u2019Espagne au Maroc, o\u00f9 la majorit\u00e9 des demandes sont pr\u00e9sent\u00e9es.<br data-start=\"1114\" data-end=\"1117\" \/>Notre objectif est clair : obtenir l\u2019autorisation et le visa sans erreurs et vous accompagner jusqu\u2019\u00e0 l\u2019obtention de la TIE de 5 ans.<\/p>\n<p><\/p>\n<hr data-start=\"1252\" data-end=\"1255\" \/><\/p>\n<h2 data-start=\"1257\" data-end=\"1301\"><strong data-start=\"1260\" data-end=\"1301\">En quoi consiste cette autorisation ?<\/strong><\/h2>\n<p><\/p>\n<p data-start=\"1303\" data-end=\"1536\">Il s\u2019agit d\u2019une autorisation de r\u00e9sidence temporaire, g\u00e9n\u00e9ralement d\u2019une dur\u00e9e de 5 ans, permettant au ressortissant \u00e9tranger de vivre et de travailler en Espagne lorsqu\u2019il entretient un lien familial valide avec un citoyen espagnol.<\/p>\n<p><\/p>\n<p data-start=\"1538\" data-end=\"1565\">Elle peut \u00eatre sollicit\u00e9e :<\/p>\n<p><\/p>\n<ul data-start=\"1567\" data-end=\"1760\">\n<li data-start=\"1567\" data-end=\"1620\">\n<p data-start=\"1569\" data-end=\"1620\">Depuis l\u2019Espagne, aupr\u00e8s du Bureau d\u2019Immigration.<\/p>\n<\/li>\n<li data-start=\"1621\" data-end=\"1676\">\n<p data-start=\"1623\" data-end=\"1676\">Depuis le Maroc, directement au Consulat d\u2019Espagne.<\/p>\n<\/li>\n<li data-start=\"1677\" data-end=\"1760\">\n<p data-start=\"1679\" data-end=\"1760\">Depuis n\u2019importe quel consulat, si le membre de la famille r\u00e9side \u00e0 l\u2019\u00e9tranger.<\/p>\n<\/li>\n<\/ul>\n<p><\/p>\n<p data-start=\"1762\" data-end=\"1870\">Elle couvre les liens familiaux cr\u00e9\u00e9s dans n\u2019importe quel pays, \u00e0 condition que la relation demeure valable.<\/p>\n<p><\/p>\n<hr data-start=\"1872\" data-end=\"1875\" \/><\/p>\n<h2 data-start=\"1877\" data-end=\"1904\"><strong data-start=\"1880\" data-end=\"1904\">Normative applicable<\/strong><\/h2>\n<p><\/p>\n<ul data-start=\"1906\" data-end=\"2139\">\n<li data-start=\"1906\" data-end=\"1944\">\n<p data-start=\"1908\" data-end=\"1944\"><strong data-start=\"1908\" data-end=\"1942\">Loi Organique 4\/2000 \u2013 Art. 31<\/strong><\/p>\n<\/li>\n<li data-start=\"1945\" data-end=\"1994\">\n<p data-start=\"1947\" data-end=\"1994\"><strong data-start=\"1947\" data-end=\"1992\">D\u00e9cret Royal 1155\/2024 \u2013 Articles 93 \u00e0 98<\/strong><\/p>\n<\/li>\n<li data-start=\"1995\" data-end=\"2073\">\n<p data-start=\"1997\" data-end=\"2073\"><strong data-start=\"1997\" data-end=\"2071\">Article 41 \u2013 Visa pour les membres de la famille de citoyens espagnols<\/strong><\/p>\n<\/li>\n<li data-start=\"2074\" data-end=\"2139\">\n<p data-start=\"2076\" data-end=\"2139\"><strong data-start=\"2076\" data-end=\"2139\">R\u00e8glement Sanitaire International 2005 (certificat m\u00e9dical)<\/strong><\/p>\n<\/li>\n<\/ul>\n<p><\/p>\n<hr data-start=\"2141\" data-end=\"2144\" \/><\/p>\n<h2 data-start=\"2146\" data-end=\"2191\"><strong data-start=\"2149\" data-end=\"2191\">Qui peut demander cette autorisation ?<\/strong><\/h2>\n<p><\/p>\n<p data-start=\"2193\" data-end=\"2251\">Les membres de la famille suivants peuvent la solliciter :<\/p>\n<p><\/p>\n<h3 data-start=\"2253\" data-end=\"2291\">\u2714 <strong data-start=\"2259\" data-end=\"2289\">Conjoint de plus de 18 ans<\/strong><\/h3>\n<p><\/p>\n<p data-start=\"2292\" data-end=\"2358\">\u00c0 condition qu\u2019il n\u2019y ait ni divorce ni mariage ant\u00e9rieur valable.<\/p>\n<p><\/p>\n<h3 data-start=\"2360\" data-end=\"2409\">\u2714 <strong data-start=\"2366\" data-end=\"2407\">Partenaire enregistr\u00e9 (UE\/EEE\/Suisse)<\/strong><\/h3>\n<p><\/p>\n<p data-start=\"2410\" data-end=\"2442\">Inscrit dans un registre public.<\/p>\n<p><\/p>\n<h3 data-start=\"2444\" data-end=\"2490\">\u2714 <strong data-start=\"2450\" data-end=\"2488\">Partenaire stable (non enregistr\u00e9)<\/strong><\/h3>\n<p><\/p>\n<p data-start=\"2491\" data-end=\"2592\">Relation assimilable au mariage, avec cohabitation d\u00e9montr\u00e9e de 12 mois cons\u00e9cutifs ou enfant commun.<\/p>\n<p><\/p>\n<h3 data-start=\"2594\" data-end=\"2652\">\u2714 <strong data-start=\"2600\" data-end=\"2652\">Enfants du citoyen espagnol ou de son partenaire<\/strong><\/h3>\n<p><\/p>\n<ul data-start=\"2653\" data-end=\"2755\">\n<li data-start=\"2653\" data-end=\"2672\">\n<p data-start=\"2655\" data-end=\"2672\">Moins de 26 ans<\/p>\n<\/li>\n<li data-start=\"2673\" data-end=\"2734\">\n<p data-start=\"2675\" data-end=\"2734\">Plus \u00e2g\u00e9s s\u2019ils sont \u00e0 charge ou en situation de handicap<\/p>\n<\/li>\n<li data-start=\"2735\" data-end=\"2755\">\n<p data-start=\"2737\" data-end=\"2755\">Enfants adoptifs<\/p>\n<\/li>\n<\/ul>\n<p><\/p>\n<h3 data-start=\"2757\" data-end=\"2809\">\u2714 <strong data-start=\"2763\" data-end=\"2807\">Ascendants (parents du citoyen espagnol)<\/strong><\/h3>\n<p><\/p>\n<ul data-start=\"2810\" data-end=\"2940\">\n<li data-start=\"2810\" data-end=\"2838\">\n<p data-start=\"2812\" data-end=\"2838\">Lorsqu\u2019ils sont \u00e0 charge<\/p>\n<\/li>\n<li data-start=\"2839\" data-end=\"2940\">\n<p data-start=\"2841\" data-end=\"2940\">Ou pour raisons humanitaires<br data-start=\"2869\" data-end=\"2872\" \/>Inclut \u00e9galement les ascendants du conjoint ou du partenaire stable.<\/p>\n<\/li>\n<\/ul>\n<p><\/p>\n<h3 data-start=\"2942\" data-end=\"2987\">\u2714 <strong data-start=\"2948\" data-end=\"2985\">P\u00e8re ou m\u00e8re d\u2019un mineur espagnol<\/strong><\/h3>\n<p><\/p>\n<p data-start=\"2988\" data-end=\"3056\">\u00c0 condition d\u2019assurer la cohabitation ou les obligations parentales.<\/p>\n<p><\/p>\n<h3 data-start=\"3058\" data-end=\"3139\">\u2714 <strong data-start=\"3064\" data-end=\"3137\">Familier jusqu\u2019au deuxi\u00e8me degr\u00e9 qui s\u2019occupe d\u2019un Espagnol d\u00e9pendant<\/strong><\/h3>\n<p><\/p>\n<p data-start=\"3140\" data-end=\"3172\">La d\u00e9pendance doit \u00eatre prouv\u00e9e.<\/p>\n<p><\/p>\n<h3 data-start=\"3174\" data-end=\"3225\">\u2714 <strong data-start=\"3180\" data-end=\"3223\">Enfants de citoyens espagnols d\u2019origine<\/strong><\/h3>\n<p><\/p>\n<p data-start=\"3226\" data-end=\"3250\">Dans toute circonstance.<\/p>\n<p><\/p>\n<h3 data-start=\"3252\" data-end=\"3312\">\u2714 <strong data-start=\"3258\" data-end=\"3310\">Autres membres de la famille (cas exceptionnels)<\/strong><\/h3>\n<p><\/p>\n<p data-start=\"3313\" data-end=\"3385\">\u00c0 condition de d\u00e9montrer la d\u00e9pendance, la cohabitation et la n\u00e9cessit\u00e9.<\/p>\n<p><\/p>\n<h2 data-start=\"3392\" data-end=\"3418\"><strong data-start=\"3395\" data-end=\"3418\">Exigences g\u00e9n\u00e9rales<\/strong><\/h2>\n<p><\/p>\n<ul data-start=\"3420\" data-end=\"3902\">\n<li data-start=\"3420\" data-end=\"3457\">\n<p data-start=\"3422\" data-end=\"3457\">Ne pas \u00eatre citoyen UE\/EEE\/Suisse<\/p>\n<\/li>\n<li data-start=\"3458\" data-end=\"3527\">\n<p data-start=\"3460\" data-end=\"3527\">Ne pas avoir de casier judiciaire au cours des 5 derni\u00e8res ann\u00e9es<\/p>\n<\/li>\n<li data-start=\"3528\" data-end=\"3611\">\n<p data-start=\"3530\" data-end=\"3611\">Ne pas \u00eatre signal\u00e9 comme non admissible dans le cadre d\u2019accords internationaux<\/p>\n<\/li>\n<li data-start=\"3612\" data-end=\"3667\">\n<p data-start=\"3614\" data-end=\"3667\">Ne pas repr\u00e9senter un risque pour la sant\u00e9 publique<\/p>\n<\/li>\n<li data-start=\"3668\" data-end=\"3722\">\n<p data-start=\"3670\" data-end=\"3722\">Pr\u00e9senter les documents originaux du lien familial<\/p>\n<\/li>\n<li data-start=\"3723\" data-end=\"3778\">\n<p data-start=\"3725\" data-end=\"3778\">Traductions effectu\u00e9es par un traducteur asserment\u00e9<\/p>\n<\/li>\n<li data-start=\"3779\" data-end=\"3833\">\n<p data-start=\"3781\" data-end=\"3833\">L\u00e9galisation ou Apostille de La Haye selon le pays<\/p>\n<\/li>\n<li data-start=\"3834\" data-end=\"3902\">\n<p data-start=\"3836\" data-end=\"3902\">Preuve de d\u00e9pendance \u00e9conomique ou de cohabitation (si applicable)<\/p>\n<\/li>\n<\/ul>\n<p><\/p>\n<h2 data-start=\"3909\" data-end=\"3940\"><strong data-start=\"3912\" data-end=\"3940\">Documentation n\u00e9cessaire<\/strong><\/h2>\n<p><\/p>\n<h3 data-start=\"3942\" data-end=\"3971\"><strong data-start=\"3946\" data-end=\"3971\">Formulaires officiels<\/strong><\/h3>\n<p><\/p>\n<ul data-start=\"3972\" data-end=\"4167\">\n<li data-start=\"3972\" data-end=\"4069\">\n<p data-start=\"3974\" data-end=\"4069\">Mod\u00e8le EX-24 \u2013 Autorisation de r\u00e9sidence pour les membres de la famille de citoyens espagnols<\/p>\n<\/li>\n<li data-start=\"4070\" data-end=\"4115\">\n<p data-start=\"4072\" data-end=\"4115\">D\u00e9claration sur l\u2019honneur (si n\u00e9cessaire)<\/p>\n<\/li>\n<li data-start=\"4116\" data-end=\"4167\">\n<p data-start=\"4118\" data-end=\"4167\">Formulaires du Consulat pour la demande de visa<\/p>\n<\/li>\n<\/ul>\n<p><\/p>\n<h3 data-start=\"4169\" data-end=\"4206\"><strong data-start=\"4173\" data-end=\"4206\">Documents du citoyen espagnol<\/strong><\/h3>\n<p><\/p>\n<ul data-start=\"4208\" data-end=\"4394\">\n<li data-start=\"4208\" data-end=\"4236\">\n<p data-start=\"4210\" data-end=\"4236\">Passeport ou DNI complet<\/p>\n<\/li>\n<li data-start=\"4237\" data-end=\"4285\">\n<p data-start=\"4239\" data-end=\"4285\">Certificat d\u2019empadronamiento (si en Espagne)<\/p>\n<\/li>\n<li data-start=\"4286\" data-end=\"4394\">\n<p data-start=\"4288\" data-end=\"4394\">D\u00e9claration sur l\u2019honneur indiquant qu\u2019il ne vit pas avec un autre conjoint ou partenaire (le cas \u00e9ch\u00e9ant)<\/p>\n<\/li>\n<\/ul>\n<p><\/p>\n<h3 data-start=\"4396\" data-end=\"4446\"><strong data-start=\"4400\" data-end=\"4446\">Documents du membre de la famille \u00e9tranger<\/strong><\/h3>\n<p><\/p>\n<ul data-start=\"4447\" data-end=\"4795\">\n<li data-start=\"4447\" data-end=\"4468\">\n<p data-start=\"4449\" data-end=\"4468\">Passeport complet<\/p>\n<\/li>\n<li data-start=\"4469\" data-end=\"4504\">\n<p data-start=\"4471\" data-end=\"4504\">Certificat de casier judiciaire<\/p>\n<\/li>\n<li data-start=\"4505\" data-end=\"4554\">\n<p data-start=\"4507\" data-end=\"4554\">Certificat m\u00e9dical (sauf demandes en Espagne)<\/p>\n<\/li>\n<li data-start=\"4555\" data-end=\"4689\">\n<p data-start=\"4557\" data-end=\"4583\">Preuves du lien familial :<\/p>\n<ul data-start=\"4586\" data-end=\"4689\">\n<li data-start=\"4586\" data-end=\"4597\">\n<p data-start=\"4588\" data-end=\"4597\">mariage<\/p>\n<\/li>\n<li data-start=\"4600\" data-end=\"4626\">\n<p data-start=\"4602\" data-end=\"4626\">partenariat enregistr\u00e9<\/p>\n<\/li>\n<li data-start=\"4629\" data-end=\"4651\">\n<p data-start=\"4631\" data-end=\"4651\">partenariat stable<\/p>\n<\/li>\n<li data-start=\"4654\" data-end=\"4675\">\n<p data-start=\"4656\" data-end=\"4675\">acte de naissance<\/p>\n<\/li>\n<li data-start=\"4678\" data-end=\"4689\">\n<p data-start=\"4680\" data-end=\"4689\">tutelle<\/p>\n<\/li>\n<\/ul>\n<p><\/li>\n<p><\/p>\n<li data-start=\"4690\" data-end=\"4742\">\n<p data-start=\"4692\" data-end=\"4742\">Preuves de d\u00e9pendance \u00e9conomique (si applicable)<\/p>\n<\/li>\n<p><\/p>\n<li data-start=\"4743\" data-end=\"4795\">\n<p data-start=\"4745\" data-end=\"4795\">Preuves de cohabitation (pour les couples stables)<\/p>\n<\/li>\n<p><\/ul>\n<p><\/p>\n<h2 data-start=\"4802\" data-end=\"4856\"><strong data-start=\"4805\" data-end=\"4856\">Proc\u00e9dure compl\u00e8te selon le R\u00e8glement 1155\/2024<\/strong><\/h2>\n<p><\/p>\n<h3 data-start=\"4858\" data-end=\"4896\"><strong data-start=\"4862\" data-end=\"4894\">SC\u00c9NARIO A \u2013 Article 97.1.a)<\/strong><\/h3>\n<p><\/p>\n<p data-start=\"4897\" data-end=\"5005\">Le citoyen espagnol se trouve en Espagne et le membre de la famille pr\u00e9sente la demande de visa au Consulat.<\/p>\n<p><\/p>\n<ol data-start=\"5007\" data-end=\"5281\">\n<li data-start=\"5007\" data-end=\"5046\">\n<p data-start=\"5010\" data-end=\"5046\">Demande EX-24 aupr\u00e8s d\u2019Immigration<\/p>\n<\/li>\n<li data-start=\"5047\" data-end=\"5072\">\n<p data-start=\"5050\" data-end=\"5072\">R\u00e9solution favorable<\/p>\n<\/li>\n<li data-start=\"5073\" data-end=\"5130\">\n<p data-start=\"5076\" data-end=\"5130\">D\u00e9p\u00f4t de la demande de visa au Consulat dans le mois<\/p>\n<\/li>\n<li data-start=\"5131\" data-end=\"5170\">\n<p data-start=\"5134\" data-end=\"5170\">Examen des conditions de l\u2019art. 38<\/p>\n<\/li>\n<li data-start=\"5171\" data-end=\"5214\">\n<p data-start=\"5174\" data-end=\"5214\">R\u00e9solution du visa en 15 jours maximum<\/p>\n<\/li>\n<li data-start=\"5215\" data-end=\"5237\">\n<p data-start=\"5218\" data-end=\"5237\">Entr\u00e9e en Espagne<\/p>\n<\/li>\n<li data-start=\"5238\" data-end=\"5281\">\n<p data-start=\"5241\" data-end=\"5281\">Demande de TIE dans un d\u00e9lai d\u2019un mois<\/p>\n<\/li>\n<\/ol>\n<p><\/p>\n<h3 data-start=\"5288\" data-end=\"5326\"><strong data-start=\"5292\" data-end=\"5324\">SC\u00c9NARIO B \u2013 Article 97.1.b)<\/strong><\/h3>\n<p><\/p>\n<p data-start=\"5327\" data-end=\"5395\">Le membre de la famille pr\u00e9sente directement sa demande au Consulat.<\/p>\n<p><\/p>\n<ol data-start=\"5397\" data-end=\"5648\">\n<li data-start=\"5397\" data-end=\"5442\">\n<p data-start=\"5400\" data-end=\"5442\">Demande simultan\u00e9e d\u2019autorisation + visa<\/p>\n<\/li>\n<li data-start=\"5443\" data-end=\"5488\">\n<p data-start=\"5446\" data-end=\"5488\">Transmission de la demande \u00e0 Immigration<\/p>\n<\/li>\n<li data-start=\"5489\" data-end=\"5542\">\n<p data-start=\"5492\" data-end=\"5542\">R\u00e9solution d\u2019Immigration dans un d\u00e9lai de 2 mois<\/p>\n<\/li>\n<li data-start=\"5543\" data-end=\"5579\">\n<p data-start=\"5546\" data-end=\"5579\">Si favorable \u2192 visa en 15 jours<\/p>\n<\/li>\n<li data-start=\"5580\" data-end=\"5607\">\n<p data-start=\"5583\" data-end=\"5607\">Si d\u00e9favorable \u2192 rejet<\/p>\n<\/li>\n<li data-start=\"5608\" data-end=\"5648\">\n<p data-start=\"5611\" data-end=\"5648\">Entr\u00e9e en Espagne et demande de TIE<\/p>\n<\/li>\n<\/ol>\n<p><\/p>\n<h3 data-start=\"5655\" data-end=\"5707\"><strong data-start=\"5659\" data-end=\"5707\">SC\u00c9NARIO C \u2013 Les deux se trouvent en Espagne<\/strong><\/h3>\n<p><\/p>\n<ol data-start=\"5709\" data-end=\"5843\">\n<li data-start=\"5709\" data-end=\"5761\">\n<p data-start=\"5712\" data-end=\"5761\">D\u00e9p\u00f4t de EX-24 directement aupr\u00e8s d\u2019Immigration<\/p>\n<\/li>\n<li data-start=\"5762\" data-end=\"5786\">\n<p data-start=\"5765\" data-end=\"5786\">Concession de 5 ans<\/p>\n<\/li>\n<li data-start=\"5787\" data-end=\"5801\">\n<p data-start=\"5790\" data-end=\"5801\">Sans visa<\/p>\n<\/li>\n<li data-start=\"5802\" data-end=\"5843\">\n<p data-start=\"5805\" data-end=\"5843\">Proc\u00e9dure plus simple et plus rapide<\/p>\n<\/li>\n<\/ol>\n<p><\/p>\n<h2 data-start=\"5850\" data-end=\"5889\"><strong data-start=\"5853\" data-end=\"5889\">Renouvellement de l\u2019Autorisation<\/strong><\/h2>\n<p><\/p>\n<p data-start=\"5891\" data-end=\"5942\">Si l\u2019autorisation initiale est inf\u00e9rieure \u00e0 5 ans :<\/p>\n<p><\/p>\n<ul data-start=\"5944\" data-end=\"6180\">\n<li data-start=\"5944\" data-end=\"6021\">\n<p data-start=\"5946\" data-end=\"6021\">Elle peut \u00eatre renouvel\u00e9e pour 5 ans ou pour la dur\u00e9e du citoyen espagnol<\/p>\n<\/li>\n<li data-start=\"6022\" data-end=\"6106\">\n<p data-start=\"6024\" data-end=\"6051\">Elle doit \u00eatre demand\u00e9e :<\/p>\n<ul data-start=\"6054\" data-end=\"6106\">\n<li data-start=\"6054\" data-end=\"6087\">\n<p data-start=\"6056\" data-end=\"6087\">2 mois avant l\u2019expiration, ou<\/p>\n<\/li>\n<li data-start=\"6090\" data-end=\"6106\">\n<p data-start=\"6092\" data-end=\"6106\">3 mois apr\u00e8s<\/p>\n<\/li>\n<\/ul>\n<p><\/li>\n<p><\/p>\n<li data-start=\"6107\" data-end=\"6180\">\n<p data-start=\"6109\" data-end=\"6180\">La demande prolonge automatiquement la validit\u00e9 pendant le traitement<\/p>\n<\/li>\n<p><\/ul>\n<p><\/p>\n<h2 data-start=\"6187\" data-end=\"6236\">\u26a0\ufe0f <strong data-start=\"6193\" data-end=\"6236\">Erreurs fr\u00e9quentes entra\u00eenant des refus<\/strong><\/h2>\n<p><\/p>\n<ul data-start=\"6238\" data-end=\"6550\">\n<li data-start=\"6238\" data-end=\"6293\">\n<p data-start=\"6240\" data-end=\"6293\">Incoh\u00e9rences entre documents espagnols et marocains<\/p>\n<\/li>\n<li data-start=\"6294\" data-end=\"6341\">\n<p data-start=\"6296\" data-end=\"6341\">Certificats non l\u00e9galis\u00e9s ou sans apostille<\/p>\n<\/li>\n<li data-start=\"6342\" data-end=\"6374\">\n<p data-start=\"6344\" data-end=\"6374\">Traductions non asserment\u00e9es<\/p>\n<\/li>\n<li data-start=\"6375\" data-end=\"6418\">\n<p data-start=\"6377\" data-end=\"6418\">Mariages non valides ou mal enregistr\u00e9s<\/p>\n<\/li>\n<li data-start=\"6419\" data-end=\"6460\">\n<p data-start=\"6421\" data-end=\"6460\">Preuves insuffisantes de cohabitation<\/p>\n<\/li>\n<li data-start=\"6461\" data-end=\"6500\">\n<p data-start=\"6463\" data-end=\"6500\">D\u00e9pendance \u00e9conomique mal justifi\u00e9e<\/p>\n<\/li>\n<li data-start=\"6501\" data-end=\"6521\">\n<p data-start=\"6503\" data-end=\"6521\">D\u00e9p\u00f4t hors d\u00e9lai<\/p>\n<\/li>\n<li data-start=\"6522\" data-end=\"6550\">\n<p data-start=\"6524\" data-end=\"6550\">D\u00e9clarations incompl\u00e8tes<\/p>\n<\/li>\n<\/ul>\n<p><\/p>\n<p data-start=\"6552\" data-end=\"6695\">Chez <strong data-start=\"6557\" data-end=\"6578\">Consulado.Abogado<\/strong>, nous corrigeons et pr\u00e9parons le dossier pour qu\u2019il surmonte sans difficult\u00e9s la phase d\u2019Immigration et du Consulat.<\/p>\n<p><\/p>\n<h2 data-start=\"6702\" data-end=\"6743\"><strong data-start=\"6705\" data-end=\"6743\">Pourquoi choisir Consulado.Abogado<\/strong><\/h2>\n<p><\/p>\n<ul data-start=\"6745\" data-end=\"7062\">\n<li data-start=\"6745\" data-end=\"6807\">\n<p data-start=\"6747\" data-end=\"6807\">Avocats espagnols sp\u00e9cialis\u00e9s en Immigration Espagne\u2013Maroc<\/p>\n<\/li>\n<li data-start=\"6808\" data-end=\"6843\">\n<p data-start=\"6810\" data-end=\"6843\">Pr\u00e9paration compl\u00e8te du dossier<\/p>\n<\/li>\n<li data-start=\"6844\" data-end=\"6883\">\n<p data-start=\"6846\" data-end=\"6883\">Coordination Immigration + Consulat<\/p>\n<\/li>\n<li data-start=\"6884\" data-end=\"6929\">\n<p data-start=\"6886\" data-end=\"6929\">Traductions asserment\u00e9es Espagne et Maroc<\/p>\n<\/li>\n<li data-start=\"6930\" data-end=\"6966\">\n<p data-start=\"6932\" data-end=\"6966\">Assistance pr\u00e9sentielle au Maroc<\/p>\n<\/li>\n<li data-start=\"6967\" data-end=\"7026\">\n<p data-start=\"6969\" data-end=\"7026\">V\u00e9rification exhaustive pr\u00e9alable pour \u00e9viter les refus<\/p>\n<\/li>\n<li data-start=\"7027\" data-end=\"7062\">\n<p data-start=\"7029\" data-end=\"7062\">Recours en cas de rejet du visa<\/p>\n<\/li>\n<\/ul>\n<p><\/p>\n<h2 data-start=\"7069\" data-end=\"7093\"><strong data-start=\"7072\" data-end=\"7093\">\ud83d\udce9 Contact Direct<\/strong><\/h2>\n<p><\/p>\n<p data-start=\"7095\" data-end=\"7254\">\ud83d\udcde Espagne : <strong data-start=\"7108\" data-end=\"7127\">+34 856 551 010<\/strong><br data-start=\"7127\" data-end=\"7130\" \/>\ud83d\udcde Maroc (WhatsApp) : <strong data-start=\"7152\" data-end=\"7172\">+212 670 757 273<\/strong><br data-start=\"7172\" data-end=\"7175\" \/>\ud83d\udce7 Email : <strong data-start=\"7186\" data-end=\"7212\"><a class=\"decorated-link cursor-pointer\" rel=\"noopener\" data-start=\"7188\" data-end=\"7210\">info@consulado.abogado<\/a><\/strong><br data-start=\"7212\" data-end=\"7215\" \/>\ud83c\udf10 Site web : <strong data-start=\"7229\" data-end=\"7254\"><a class=\"decorated-link\" href=\"http:\/\/www.consulado.abogado\" target=\"_new\" rel=\"noopener\" data-start=\"7231\" data-end=\"7252\">www.consulado.abogado<\/a><\/strong><\/p>\n<p><\/p>\n<div class=\"host-lopnbnfpjmgpbppclhclehhgafnifija\" style=\"position: relative; z-index: 2147483647;\">\u00a0<\/div>\n<p>[\/et_pb_text][et_pb_button button_text=\u00a0\u00bbGuide du Regroupement des Familiers de Citoyen Espagnol 2025 \u2013 RD 1155\/2024&Prime; _builder_version=\u00a0\u00bb4.24.2&Prime; _module_preset=\u00a0\u00bbdefault\u00a0\u00bb theme_builder_area=\u00a0\u00bbpost_content\u00a0\u00bb button_url=\u00a0\u00bbhttps:\/\/consulado.abogado\/wp-content\/uploads\/2025\/11\/Familiar-ciudano-espanol.pdf\u00a0\u00bb hover_enabled=\u00a0\u00bb0&Prime; sticky_enabled=\u00a0\u00bb0&Prime;][\/et_pb_button][\/et_pb_column][\/et_pb_row][\/et_pb_section]<\/p>\n","protected":false},"excerpt":{"rendered":"<p>Guide Complet 2025 \u2013 Regroupement familial pour citoyen espagnol \u2013 R\u00e8glement 1155\/2024\u00a0Guide Complet 2025 \u2013 Regroupement familial citoyen espagnol \u2013 R\u00e8glement 1155\/2024Consulado.Abogado \u2013 Sp\u00e9cialistes en Immigration Espagne\u2013MarocIntroductionL\u2019Autorisation de R\u00e9sidence Temporaire pour les Membres de la Famille de Citoyens Espagnols est l\u2019une des voies les plus importantes permettant aux ressortissants \u00e9trangers non communautaires de vivre et [&hellip;]<\/p>\n","protected":false},"author":1,"featured_media":0,"parent":0,"menu_order":0,"comment_status":"closed","ping_status":"closed","template":"","meta":{"_seopress_robots_primary_cat":"","_seopress_titles_title":"","_seopress_titles_desc":"","_seopress_robots_index":"","_et_pb_use_builder":"on","_et_pb_old_content":"","_et_gb_content_width":"","footnotes":""},"class_list":["post-987495477","page","type-page","status-publish","hentry"],"_links":{"self":[{"href":"https:\/\/consulado.abogado\/fr\/wp-json\/wp\/v2\/pages\/987495477","targetHints":{"allow":["GET"]}}],"collection":[{"href":"https:\/\/consulado.abogado\/fr\/wp-json\/wp\/v2\/pages"}],"about":[{"href":"https:\/\/consulado.abogado\/fr\/wp-json\/wp\/v2\/types\/page"}],"author":[{"embeddable":true,"href":"https:\/\/consulado.abogado\/fr\/wp-json\/wp\/v2\/users\/1"}],"replies":[{"embeddable":true,"href":"https:\/\/consulado.abogado\/fr\/wp-json\/wp\/v2\/comments?post=987495477"}],"version-history":[{"count":5,"href":"https:\/\/consulado.abogado\/fr\/wp-json\/wp\/v2\/pages\/987495477\/revisions"}],"predecessor-version":[{"id":987495482,"href":"https:\/\/consulado.abogado\/fr\/wp-json\/wp\/v2\/pages\/987495477\/revisions\/987495482"}],"wp:attachment":[{"href":"https:\/\/consulado.abogado\/fr\/wp-json\/wp\/v2\/media?parent=987495477"}],"curies":[{"name":"wp","href":"https:\/\/api.w.org\/{rel}","templated":true}]}}