{"id":375,"date":"2024-06-10T10:07:47","date_gmt":"2024-06-10T10:07:47","guid":{"rendered":"https:\/\/consulado.abogado\/qui-sommes-nous\/"},"modified":"2024-09-26T08:30:59","modified_gmt":"2024-09-26T08:30:59","slug":"qui-sommes-nous","status":"publish","type":"page","link":"https:\/\/consulado.abogado\/fr\/qui-sommes-nous\/","title":{"rendered":"Qui sommes-nous ?"},"content":{"rendered":"\n[et_pb_section fb_built=\u00a0\u00bb1&Prime; _builder_version=\u00a0\u00bb4.24.2&Prime; _dynamic_attributes=\u00a0\u00bbbackground_image\u00a0\u00bb _module_preset=\u00a0\u00bbdefault\u00a0\u00bb background_color=\u00a0\u00bb#16589d\u00a0\u00bb background_image=\u00a0\u00bb@ET-DC@eyJkeW5hbWljIjp0cnVlLCJjb250ZW50IjoicG9zdF9mZWF0dXJlZF9pbWFnZSIsInNldHRpbmdzIjp7fX0=@\u00a0\u00bb background_blend=\u00a0\u00bbmultiply\u00a0\u00bb global_colors_info=\u00a0\u00bb{}\u00a0\u00bb theme_builder_area=\u00a0\u00bbpost_content\u00a0\u00bb][et_pb_row _builder_version=\u00a0\u00bb4.24.2&Prime; _module_preset=\u00a0\u00bbdefault\u00a0\u00bb global_colors_info=\u00a0\u00bb{}\u00a0\u00bb theme_builder_area=\u00a0\u00bbpost_content\u00a0\u00bb][et_pb_column type=\u00a0\u00bb4_4&Prime; _builder_version=\u00a0\u00bb4.24.2&Prime; _module_preset=\u00a0\u00bbdefault\u00a0\u00bb global_colors_info=\u00a0\u00bb{}\u00a0\u00bb theme_builder_area=\u00a0\u00bbpost_content\u00a0\u00bb][et_pb_text _builder_version=\u00a0\u00bb4.24.2&Prime; _dynamic_attributes=\u00a0\u00bbcontent\u00a0\u00bb _module_preset=\u00a0\u00bbdefault\u00a0\u00bb text_font=\u00a0\u00bb|700|||||||\u00a0\u00bb header_font=\u00a0\u00bb|700|||||||\u00a0\u00bb header_text_color=\u00a0\u00bb#FFFFFF\u00a0\u00bb header_2_font=\u00a0\u00bb|600||on|||||\u00a0\u00bb header_2_text_align=\u00a0\u00bbleft\u00a0\u00bb header_2_text_color=\u00a0\u00bb#FFFFFF\u00a0\u00bb global_colors_info=\u00a0\u00bb{}\u00a0\u00bb theme_builder_area=\u00a0\u00bbpost_content\u00a0\u00bb]@ET-DC@eyJkeW5hbWljIjp0cnVlLCJjb250ZW50IjoicG9zdF90aXRsZSIsInNldHRpbmdzIjp7ImJlZm9yZSI6IjxoMj4iLCJhZnRlciI6IjxoMj4ifX0=@[\/et_pb_text][\/et_pb_column][\/et_pb_row][\/et_pb_section][et_pb_section fb_built=\u00a0\u00bb1&Prime; _builder_version=\u00a0\u00bb4.24.2&Prime; _module_preset=\u00a0\u00bbdefault\u00a0\u00bb custom_padding=\u00a0\u00bb||1px|||\u00a0\u00bb global_colors_info=\u00a0\u00bb{}\u00a0\u00bb theme_builder_area=\u00a0\u00bbpost_content\u00a0\u00bb][et_pb_row _builder_version=\u00a0\u00bb4.24.2&Prime; _module_preset=\u00a0\u00bbdefault\u00a0\u00bb max_width=\u00a0\u00bb1167px\u00a0\u00bb global_colors_info=\u00a0\u00bb{}\u00a0\u00bb theme_builder_area=\u00a0\u00bbpost_content\u00a0\u00bb][et_pb_column type=\u00a0\u00bb4_4&Prime; _builder_version=\u00a0\u00bb4.24.2&Prime; _module_preset=\u00a0\u00bbdefault\u00a0\u00bb global_colors_info=\u00a0\u00bb{}\u00a0\u00bb theme_builder_area=\u00a0\u00bbpost_content\u00a0\u00bb][et_pb_text _builder_version=\u00a0\u00bb4.24.2&Prime; _module_preset=\u00a0\u00bbdefault\u00a0\u00bb text_font_size=\u00a0\u00bb26px\u00a0\u00bb text_line_height=\u00a0\u00bb2em\u00a0\u00bb hover_enabled=\u00a0\u00bb0&Prime; global_colors_info=\u00a0\u00bb{}\u00a0\u00bb theme_builder_area=\u00a0\u00bbpost_content\u00a0\u00bb sticky_enabled=\u00a0\u00bb0&Prime;]<p>Consulado.Abogado y Gestiones Consulares est une soci\u00e9t\u00e9 form\u00e9e par l&rsquo;avocat espagnol Ra\u00fal del Canto, et des Gestores sp\u00e9cialis\u00e9s dans l&rsquo;immigration bas\u00e9s \u00e0 Jerez de la Frontera en Espagne et \u00e0 Ksar el Kebir au Maroc.  <br>En tant que sp\u00e9cialistes des ressortissants \u00e9trangers, nous avons pour mission d&rsquo;aider les particuliers et les entreprises \u00e0 naviguer dans l&rsquo;enchev\u00eatrement des lois espagnoles sur l&rsquo;immigration. Notre objectif est donc d&rsquo;offrir une attention personnelle et un service professionnel pour atteindre vos objectifs, que ce soit pour un visa d&rsquo;\u00e9tude, de tourisme, de r\u00e9sidence ou de nationalit\u00e9, en particulier pour les Marocains qui souhaitent venir en Espagne.<\/p>[\/et_pb_text][\/et_pb_column][\/et_pb_row][et_pb_row _builder_version=\u00a0\u00bb4.24.2&Prime; _module_preset=\u00a0\u00bbdefault\u00a0\u00bb custom_margin=\u00a0\u00bb-157px|auto||auto||\u00a0\u00bb global_colors_info=\u00a0\u00bb{}\u00a0\u00bb theme_builder_area=\u00a0\u00bbpost_content\u00a0\u00bb][et_pb_column type=\u00a0\u00bb4_4&Prime; _builder_version=\u00a0\u00bb4.24.2&Prime; _module_preset=\u00a0\u00bbdefault\u00a0\u00bb global_colors_info=\u00a0\u00bb{}\u00a0\u00bb theme_builder_area=\u00a0\u00bbpost_content\u00a0\u00bb][et_pb_image src=\u00a0\u00bb@ET-DC@eyJkeW5hbWljIjp0cnVlLCJjb250ZW50IjoicG9zdF9mZWF0dXJlZF9pbWFnZSIsInNldHRpbmdzIjp7fX0=@\u00a0\u00bb alt=\u00a0\u00bbFormulaires Consulat d&apos;Espagne au Maroc\u00a0\u00bb title_text=\u00a0\u00bbentretien\u00a0\u00bb _builder_version=\u00a0\u00bb4.24.2&Prime; _dynamic_attributes=\u00a0\u00bbsrc\u00a0\u00bb _module_preset=\u00a0\u00bbdefault\u00a0\u00bb width=\u00a0\u00bb62%\u00a0\u00bb max_width=\u00a0\u00bb71%\u00a0\u00bb module_alignment=\u00a0\u00bbcenter\u00a0\u00bb custom_padding=\u00a0\u00bb|64px||||\u00a0\u00bb global_colors_info=\u00a0\u00bb{}\u00a0\u00bb theme_builder_area=\u00a0\u00bbpost_content\u00a0\u00bb][\/et_pb_image][\/et_pb_column][\/et_pb_row][et_pb_row _builder_version=\u00a0\u00bb4.24.2&Prime; _module_preset=\u00a0\u00bbdefault\u00a0\u00bb global_colors_info=\u00a0\u00bb{}\u00a0\u00bb theme_builder_area=\u00a0\u00bbpost_content\u00a0\u00bb][et_pb_column type=\u00a0\u00bb4_4&Prime; _builder_version=\u00a0\u00bb4.24.2&Prime; _module_preset=\u00a0\u00bbdefault\u00a0\u00bb global_colors_info=\u00a0\u00bb{}\u00a0\u00bb theme_builder_area=\u00a0\u00bbpost_content\u00a0\u00bb][et_pb_text _builder_version=\u00a0\u00bb4.24.2&Prime; _module_preset=\u00a0\u00bbdefault\u00a0\u00bb text_font_size=\u00a0\u00bb26px\u00a0\u00bb text_line_height=\u00a0\u00bb1.9em\u00a0\u00bb hover_enabled=\u00a0\u00bb0&Prime; global_colors_info=\u00a0\u00bb{}\u00a0\u00bb theme_builder_area=\u00a0\u00bbpost_content\u00a0\u00bb sticky_enabled=\u00a0\u00bb0&Prime;]<p>Les lois et les proc\u00e9dures relatives \u00e0 l&rsquo;extranjeria en Espagne ne sont pas aussi simples qu&rsquo;il n&rsquo;y para\u00eet \u00e0 premi\u00e8re vue et comprennent non seulement des lois, mais aussi des instructions et de la jurisprudence.\nSeul le personnel du consulat ou un professionnel peut guider correctement les demandeurs de visa tout au long du processus. <br><br>C&rsquo;est pourquoi nous accordons une attention personnelle \u00e0 nos clients afin de nous assurer que chaque cas est analys\u00e9 en profondeur et pr\u00e9par\u00e9 avec diligence. De m\u00eame, pour les entreprises, nous fournissons une orientation strat\u00e9gique sur mesure pour atteindre des objectifs sp\u00e9cifiques, qu&rsquo;il s&rsquo;agisse de la recherche de visas, de l&rsquo;\u00e9tablissement d&rsquo;une succursale ou d&rsquo;une filiale en Espagne ou au Maroc. <br>Notre objectif principal est de fournir \u00e0 nos clients des conseils d&rsquo;experts avec une connaissance d\u00e9taill\u00e9e des lois espagnoles sur l&rsquo;immigration.\nBien que nous travaillions principalement dans les consulats espagnols au Maroc, nous traitons des dossiers provenant de tous les pays o\u00f9 l&rsquo;Espagne dispose d&rsquo;un consulat.    <br>Notre objectif principal est de vous fournir l&rsquo;attention personnalis\u00e9e que vous m\u00e9ritez.\nNous vous guiderons \u00e0 chaque \u00e9tape de vos objectifs li\u00e9s \u00e0 la loi sur les \u00e9trangers.   <br>Le grand avantage de faire appel \u00e0 nos services est qu&rsquo;en tant qu&rsquo;avocat espagnol et gr\u00e2ce \u00e0 notre bureau de gestion de la documentation \u00e0 Ksar El Kebir, au Maroc, nous pouvons prendre en charge l&rsquo;ensemble du processus et assister le client en cas de besoin.<br>Ksar El Kebir est un village tr\u00e8s strat\u00e9gique, non seulement en raison de son histoire, mais aussi parce qu&rsquo;il se trouve au centre de trois d\u00e9marcations consulaires espagnoles au Maroc : le consulat espagnol \u00e0 Tanger, le consulat espagnol \u00e0 Rabat, le consulat espagnol \u00e0 T\u00e9touan et la chancellerie de Larache qui d\u00e9pend de ce dernier consulat.<br>Les clients de M. Ra\u00fal del Canto consid\u00e8rent qu&rsquo;il est bien plus qu&rsquo;un expert juridique.\nLes clients de Ra\u00fal del Canto consid\u00e8rent qu&rsquo;il est bien plus qu&rsquo;un expert juridique.\nOutre sa solide orientation juridique, il se distingue par son professionnalisme, son attention et la consid\u00e9ration qu&rsquo;il apporte \u00e0 chaque cas et \u00e0 chaque client.    <br>Sa vaste exp\u00e9rience dans le domaine du droit espagnol dans toutes les juridictions, et pas seulement dans le droit administratif, lui donne une perspective unique pour aider ses clients \u00e0 atteindre leurs objectifs.<\/p>[\/et_pb_text][\/et_pb_column][\/et_pb_row][\/et_pb_section][et_pb_section fb_built=\u00a0\u00bb1&Prime; _builder_version=\u00a0\u00bb4.24.2&Prime; _module_preset=\u00a0\u00bbdefault\u00a0\u00bb custom_padding=\u00a0\u00bb0px||4px|||\u00a0\u00bb global_colors_info=\u00a0\u00bb{}\u00a0\u00bb theme_builder_area=\u00a0\u00bbpost_content\u00a0\u00bb][\/et_pb_section]\n","protected":false},"excerpt":{"rendered":"<p>Notre principal objectif est de fournir \u00e0 nos clients les conseils d&rsquo;un expert ayant une connaissance d\u00e9taill\u00e9e des lois espagnoles sur l&rsquo;immigration.<br \/>\nBien que nous travaillions principalement dans les consulats espagnols au Maroc, nous traitons des cas provenant de tous les pays o\u00f9 l&rsquo;Espagne a un consulat.   <\/p>\n","protected":false},"author":1,"featured_media":333,"parent":0,"menu_order":0,"comment_status":"closed","ping_status":"closed","template":"","meta":{"_seopress_robots_primary_cat":"","_seopress_titles_title":"","_seopress_titles_desc":"","_seopress_robots_index":"","_et_pb_use_builder":"on","_et_pb_old_content":"","_et_gb_content_width":"","footnotes":""},"class_list":["post-375","page","type-page","status-publish","has-post-thumbnail","hentry"],"_links":{"self":[{"href":"https:\/\/consulado.abogado\/fr\/wp-json\/wp\/v2\/pages\/375","targetHints":{"allow":["GET"]}}],"collection":[{"href":"https:\/\/consulado.abogado\/fr\/wp-json\/wp\/v2\/pages"}],"about":[{"href":"https:\/\/consulado.abogado\/fr\/wp-json\/wp\/v2\/types\/page"}],"author":[{"embeddable":true,"href":"https:\/\/consulado.abogado\/fr\/wp-json\/wp\/v2\/users\/1"}],"replies":[{"embeddable":true,"href":"https:\/\/consulado.abogado\/fr\/wp-json\/wp\/v2\/comments?post=375"}],"version-history":[{"count":1,"href":"https:\/\/consulado.abogado\/fr\/wp-json\/wp\/v2\/pages\/375\/revisions"}],"predecessor-version":[{"id":376,"href":"https:\/\/consulado.abogado\/fr\/wp-json\/wp\/v2\/pages\/375\/revisions\/376"}],"wp:featuredmedia":[{"embeddable":true,"href":"https:\/\/consulado.abogado\/fr\/wp-json\/wp\/v2\/media\/333"}],"wp:attachment":[{"href":"https:\/\/consulado.abogado\/fr\/wp-json\/wp\/v2\/media?parent=375"}],"curies":[{"name":"wp","href":"https:\/\/api.w.org\/{rel}","templated":true}]}}